{"id":433,"date":"2019-02-24T18:15:01","date_gmt":"2019-02-24T18:15:01","guid":{"rendered":"http:\/\/www.statiunea-viticola-iasi.ro\/SCDVV_Iasi\/?page_id=433"},"modified":"2025-07-25T09:40:04","modified_gmt":"2025-07-25T09:40:04","slug":"proiecte-derulate","status":"publish","type":"page","link":"https:\/\/www.statiunea-viticola-iasi.ro\/SCDVV_Iasi\/proiecte-derulate\/","title":{"rendered":"Proiecte derulate"},"content":{"rendered":"\n<h2><strong><span class=\"has-inline-color has-vivid-cyan-blue-color\">Proiecte 2019_2025<\/span><\/strong><\/h2>\n\n\n\n<p>Sta\u0163iunea de Cercetare Dezvoltare pentru Viticultur\u0103 \u015fi Vinifica\u0163ie Ia\u015fi \u00een perioada 2019 \u2013 2025 a avut&nbsp; \u00een derulare 14 proiecte de cercetare-dezvoltare, \u00een cadrul Planului Sectorial al Ministerului Agriculturii \u015fi Dezvolt\u0103rii Rurale (MADR), respectiv 3 \u00een calitate de director proiect, iar 11 \u00een calitate de partener.  De asemenea s-au derulat cinci proiecte finan\u021bate de MADR prin subven\u021bii de la buget \u0219i patru proiecte autofinan\u021bate.<\/p>\n\n\n\n<div class=\"wp-block-file\"><a href=\"http:\/\/www.statiunea-viticola-iasi.ro\/SCDVV_Iasi\/wp-content\/uploads\/2025\/07\/Lista-contracte-derulate-2019_2025.pdf\">Lista contracte derulate 2019_2025<\/a><\/div>\n\n\n\n<div class=\"wp-block-file\"><a href=\"http:\/\/www.statiunea-viticola-iasi.ro\/SCDVV_Iasi\/wp-content\/uploads\/2021\/08\/PARTENERIATE-ADER.pdf\">PARTENERIATE ADER<\/a><\/div>\n\n\n\n<div style=\"height:47px\" aria-hidden=\"true\" class=\"wp-block-spacer\"><\/div>\n\n\n\n<h2><strong><span class=\"has-inline-color has-vivid-cyan-blue-color\">Proiecte 2010_2018<\/span><\/strong><\/h2>\n\n\n\n<p class=\"justify-text\">\u00cen perioada 2010 &#8211; 2018, Sta\u0163iunea de Cercetare Dezvoltare pentru Viticultur\u0103 \u015fi Vinifica\u0163ie Ia\u015fi a demarat\/contractat un num\u0103r de 18 proiecte, din care 11 proiecte de cercetare-dezvoltare in cadrul Planului Sectorial al Ministerului Agriculturii \u015fi Dezvolt\u0103rii Rurale (MADR), 1 proiect colaborativ de cercetare aplicativ\u0103 av\u00e2nd ca autoritate contractant\u0103 Unitatea Executiv\u0103 pentru Finan\u0163area Inv\u0103\u0163\u0103m\u00e2ntului Superior, al Cercetarii, Dezvoltarii \u015fi Inovarii (UEFISCDI), 3 proiecte finan\u021bate de Funda\u021bia Patrimoniul ASAS \u0219i 3 subcontracte de testare biologic\u0103 a produselor de uz fitosanitar. <\/p>\n\n\n\n<div class=\"wp-block-file\"><a href=\"http:\/\/www.statiunea-viticola-iasi.ro\/SCDVV_Iasi\/wp-content\/uploads\/2025\/07\/Lista-proiecte-derulate-2010_2018-SCDVV-Iasi.pdf\">Lista proiecte derulate 2010_2018 SCDVV Iasi<\/a><\/div>\n\n\n\n<p><\/p>\n","protected":false},"excerpt":{"rendered":"<p>Proiecte 2019_2025 Sta\u0163iunea de Cercetare Dezvoltare pentru Viticultur\u0103 \u015fi Vinifica\u0163ie Ia\u015fi \u00een perioada 2019 \u2013 2025 a avut&nbsp; \u00een derulare 14 proiecte de cercetare-dezvoltare, \u00een cadrul Planului Sectorial al Ministerului Agriculturii \u015fi Dezvolt\u0103rii Rurale (MADR), respectiv 3 \u00een calitate de<\/p>\n","protected":false},"author":1,"featured_media":0,"parent":0,"menu_order":0,"comment_status":"closed","ping_status":"closed","template":"","meta":[],"_links":{"self":[{"href":"https:\/\/www.statiunea-viticola-iasi.ro\/SCDVV_Iasi\/wp-json\/wp\/v2\/pages\/433"}],"collection":[{"href":"https:\/\/www.statiunea-viticola-iasi.ro\/SCDVV_Iasi\/wp-json\/wp\/v2\/pages"}],"about":[{"href":"https:\/\/www.statiunea-viticola-iasi.ro\/SCDVV_Iasi\/wp-json\/wp\/v2\/types\/page"}],"author":[{"embeddable":true,"href":"https:\/\/www.statiunea-viticola-iasi.ro\/SCDVV_Iasi\/wp-json\/wp\/v2\/users\/1"}],"replies":[{"embeddable":true,"href":"https:\/\/www.statiunea-viticola-iasi.ro\/SCDVV_Iasi\/wp-json\/wp\/v2\/comments?post=433"}],"version-history":[{"count":14,"href":"https:\/\/www.statiunea-viticola-iasi.ro\/SCDVV_Iasi\/wp-json\/wp\/v2\/pages\/433\/revisions"}],"predecessor-version":[{"id":2166,"href":"https:\/\/www.statiunea-viticola-iasi.ro\/SCDVV_Iasi\/wp-json\/wp\/v2\/pages\/433\/revisions\/2166"}],"wp:attachment":[{"href":"https:\/\/www.statiunea-viticola-iasi.ro\/SCDVV_Iasi\/wp-json\/wp\/v2\/media?parent=433"}],"curies":[{"name":"wp","href":"https:\/\/api.w.org\/{rel}","templated":true}]}}