{"id":607,"date":"2020-07-21T08:04:39","date_gmt":"2020-07-21T08:04:39","guid":{"rendered":"http:\/\/www.statiunea-viticola-iasi.ro\/SCDVV_Iasi\/?page_id=607"},"modified":"2026-03-23T11:04:23","modified_gmt":"2026-03-23T11:04:23","slug":"vinuri","status":"publish","type":"page","link":"http:\/\/www.statiunea-viticola-iasi.ro\/SCDVV_Iasi\/vinuri\/","title":{"rendered":"Vinuri"},"content":{"rendered":"\n<p class=\"has-text-align-center has-very-dark-gray-color has-text-color\" style=\"font-size:28px\">Sticle<\/p>\n\n\n\n<div class=\"wp-block-columns has-2-columns\">\n<div class=\"wp-block-column\">\n<figure class=\"wp-block-image size-large\"><img loading=\"lazy\" width=\"1024\" height=\"683\" src=\"http:\/\/www.statiunea-viticola-iasi.ro\/SCDVV_Iasi\/wp-content\/uploads\/2023\/02\/DSC_6384-1024x683.jpg\" alt=\"\" class=\"wp-image-1540\" srcset=\"http:\/\/www.statiunea-viticola-iasi.ro\/SCDVV_Iasi\/wp-content\/uploads\/2023\/02\/DSC_6384-1024x683.jpg 1024w, http:\/\/www.statiunea-viticola-iasi.ro\/SCDVV_Iasi\/wp-content\/uploads\/2023\/02\/DSC_6384-300x200.jpg 300w, http:\/\/www.statiunea-viticola-iasi.ro\/SCDVV_Iasi\/wp-content\/uploads\/2023\/02\/DSC_6384-768x512.jpg 768w, http:\/\/www.statiunea-viticola-iasi.ro\/SCDVV_Iasi\/wp-content\/uploads\/2023\/02\/DSC_6384-1536x1024.jpg 1536w, http:\/\/www.statiunea-viticola-iasi.ro\/SCDVV_Iasi\/wp-content\/uploads\/2023\/02\/DSC_6384-2048x1365.jpg 2048w\" sizes=\"(max-width: 1024px) 100vw, 1024px\" \/><\/figure>\n\n\n\n<p class=\"has-text-align-center\"><strong>Pre\u021b: 18,00 lei<\/strong><\/p>\n<\/div>\n\n\n\n<div class=\"wp-block-column\">\n<div class=\"wp-block-group\"><div class=\"wp-block-group__inner-container\">\n<figure class=\"wp-block-gallery aligncenter columns-1 is-cropped\"><ul class=\"blocks-gallery-grid\"><li class=\"blocks-gallery-item\"><figure><a href=\"http:\/\/www.statiunea-viticola-iasi.ro\/SCDVV_Iasi\/vinuri\/feteasca-alba-2-3\/\"><img loading=\"lazy\" width=\"1024\" height=\"683\" src=\"http:\/\/www.statiunea-viticola-iasi.ro\/SCDVV_Iasi\/wp-content\/uploads\/2023\/02\/feteasca-alba-2-1024x683.jpg\" alt=\"\" data-id=\"1520\" data-full-url=\"http:\/\/www.statiunea-viticola-iasi.ro\/SCDVV_Iasi\/wp-content\/uploads\/2023\/02\/feteasca-alba-2-scaled.jpg\" data-link=\"http:\/\/www.statiunea-viticola-iasi.ro\/SCDVV_Iasi\/vinuri\/feteasca-alba-2-3\/\" class=\"wp-image-1520\" srcset=\"http:\/\/www.statiunea-viticola-iasi.ro\/SCDVV_Iasi\/wp-content\/uploads\/2023\/02\/feteasca-alba-2-1024x683.jpg 1024w, http:\/\/www.statiunea-viticola-iasi.ro\/SCDVV_Iasi\/wp-content\/uploads\/2023\/02\/feteasca-alba-2-300x200.jpg 300w, http:\/\/www.statiunea-viticola-iasi.ro\/SCDVV_Iasi\/wp-content\/uploads\/2023\/02\/feteasca-alba-2-768x512.jpg 768w, http:\/\/www.statiunea-viticola-iasi.ro\/SCDVV_Iasi\/wp-content\/uploads\/2023\/02\/feteasca-alba-2-1536x1024.jpg 1536w, http:\/\/www.statiunea-viticola-iasi.ro\/SCDVV_Iasi\/wp-content\/uploads\/2023\/02\/feteasca-alba-2-2048x1365.jpg 2048w\" sizes=\"(max-width: 1024px) 100vw, 1024px\" \/><\/a><\/figure><\/li><\/ul><\/figure>\n<\/div><\/div>\n\n\n\n<p class=\"has-text-align-center\"><strong>Pre\u021b: 18,00 lei<\/strong><\/p>\n<\/div>\n<\/div>\n\n\n\n<div class=\"wp-block-columns has-2-columns\">\n<div class=\"wp-block-column\">\n<figure class=\"wp-block-gallery columns-1 is-cropped\"><ul class=\"blocks-gallery-grid\"><li class=\"blocks-gallery-item\"><figure><a href=\"http:\/\/www.statiunea-viticola-iasi.ro\/SCDVV_Iasi\/vinuri\/dsc_6378-1\/\"><img loading=\"lazy\" width=\"1024\" height=\"683\" src=\"http:\/\/www.statiunea-viticola-iasi.ro\/SCDVV_Iasi\/wp-content\/uploads\/2023\/02\/DSC_6378-1-1024x683.jpg\" alt=\"\" data-id=\"1525\" data-full-url=\"http:\/\/www.statiunea-viticola-iasi.ro\/SCDVV_Iasi\/wp-content\/uploads\/2023\/02\/DSC_6378-1-scaled.jpg\" data-link=\"http:\/\/www.statiunea-viticola-iasi.ro\/SCDVV_Iasi\/vinuri\/dsc_6378-1\/\" class=\"wp-image-1525\" srcset=\"http:\/\/www.statiunea-viticola-iasi.ro\/SCDVV_Iasi\/wp-content\/uploads\/2023\/02\/DSC_6378-1-1024x683.jpg 1024w, http:\/\/www.statiunea-viticola-iasi.ro\/SCDVV_Iasi\/wp-content\/uploads\/2023\/02\/DSC_6378-1-300x200.jpg 300w, http:\/\/www.statiunea-viticola-iasi.ro\/SCDVV_Iasi\/wp-content\/uploads\/2023\/02\/DSC_6378-1-768x512.jpg 768w, http:\/\/www.statiunea-viticola-iasi.ro\/SCDVV_Iasi\/wp-content\/uploads\/2023\/02\/DSC_6378-1-1536x1024.jpg 1536w, http:\/\/www.statiunea-viticola-iasi.ro\/SCDVV_Iasi\/wp-content\/uploads\/2023\/02\/DSC_6378-1-2048x1365.jpg 2048w\" sizes=\"(max-width: 1024px) 100vw, 1024px\" \/><\/a><\/figure><\/li><\/ul><figcaption class=\"blocks-gallery-caption\"><strong>Pre\u021b: 22,00 lei<\/strong><\/figcaption><\/figure>\n\n\n\n<figure class=\"wp-block-image size-large\"><img loading=\"lazy\" width=\"1024\" height=\"683\" src=\"http:\/\/www.statiunea-viticola-iasi.ro\/SCDVV_Iasi\/wp-content\/uploads\/2023\/02\/DSC_6374-1024x683.jpg\" alt=\"\" class=\"wp-image-1533\" srcset=\"http:\/\/www.statiunea-viticola-iasi.ro\/SCDVV_Iasi\/wp-content\/uploads\/2023\/02\/DSC_6374-1024x683.jpg 1024w, http:\/\/www.statiunea-viticola-iasi.ro\/SCDVV_Iasi\/wp-content\/uploads\/2023\/02\/DSC_6374-300x200.jpg 300w, http:\/\/www.statiunea-viticola-iasi.ro\/SCDVV_Iasi\/wp-content\/uploads\/2023\/02\/DSC_6374-768x512.jpg 768w, http:\/\/www.statiunea-viticola-iasi.ro\/SCDVV_Iasi\/wp-content\/uploads\/2023\/02\/DSC_6374-1536x1024.jpg 1536w, http:\/\/www.statiunea-viticola-iasi.ro\/SCDVV_Iasi\/wp-content\/uploads\/2023\/02\/DSC_6374-2048x1365.jpg 2048w\" sizes=\"(max-width: 1024px) 100vw, 1024px\" \/><figcaption><strong>Pre\u021b: 18,00 lei<\/strong><\/figcaption><\/figure>\n\n\n\n<figure class=\"wp-block-image size-large\"><img loading=\"lazy\" width=\"1024\" height=\"683\" src=\"http:\/\/www.statiunea-viticola-iasi.ro\/SCDVV_Iasi\/wp-content\/uploads\/2023\/02\/Feteasca-Regala-1-1024x683.jpg\" alt=\"\" class=\"wp-image-1536\" srcset=\"http:\/\/www.statiunea-viticola-iasi.ro\/SCDVV_Iasi\/wp-content\/uploads\/2023\/02\/Feteasca-Regala-1-1024x683.jpg 1024w, http:\/\/www.statiunea-viticola-iasi.ro\/SCDVV_Iasi\/wp-content\/uploads\/2023\/02\/Feteasca-Regala-1-300x200.jpg 300w, http:\/\/www.statiunea-viticola-iasi.ro\/SCDVV_Iasi\/wp-content\/uploads\/2023\/02\/Feteasca-Regala-1-768x512.jpg 768w, http:\/\/www.statiunea-viticola-iasi.ro\/SCDVV_Iasi\/wp-content\/uploads\/2023\/02\/Feteasca-Regala-1-1536x1024.jpg 1536w, http:\/\/www.statiunea-viticola-iasi.ro\/SCDVV_Iasi\/wp-content\/uploads\/2023\/02\/Feteasca-Regala-1-2048x1365.jpg 2048w\" sizes=\"(max-width: 1024px) 100vw, 1024px\" \/><figcaption><strong>Pre\u021b: 18,00 lei<\/strong><\/figcaption><\/figure>\n\n\n\n<figure class=\"wp-block-image size-large\"><img loading=\"lazy\" width=\"1024\" height=\"683\" src=\"http:\/\/www.statiunea-viticola-iasi.ro\/SCDVV_Iasi\/wp-content\/uploads\/2023\/02\/DSC_6370-1024x683.jpg\" alt=\"\" class=\"wp-image-1543\" srcset=\"http:\/\/www.statiunea-viticola-iasi.ro\/SCDVV_Iasi\/wp-content\/uploads\/2023\/02\/DSC_6370-1024x683.jpg 1024w, http:\/\/www.statiunea-viticola-iasi.ro\/SCDVV_Iasi\/wp-content\/uploads\/2023\/02\/DSC_6370-300x200.jpg 300w, http:\/\/www.statiunea-viticola-iasi.ro\/SCDVV_Iasi\/wp-content\/uploads\/2023\/02\/DSC_6370-768x512.jpg 768w, http:\/\/www.statiunea-viticola-iasi.ro\/SCDVV_Iasi\/wp-content\/uploads\/2023\/02\/DSC_6370-1536x1024.jpg 1536w, http:\/\/www.statiunea-viticola-iasi.ro\/SCDVV_Iasi\/wp-content\/uploads\/2023\/02\/DSC_6370-2048x1365.jpg 2048w\" sizes=\"(max-width: 1024px) 100vw, 1024px\" \/><\/figure>\n\n\n\n<p class=\"has-text-align-center\"><strong>Pre\u021b: 18,00 lei<\/strong><\/p>\n<\/div>\n\n\n\n<div class=\"wp-block-column\">\n<figure class=\"wp-block-gallery columns-1 is-cropped\"><ul class=\"blocks-gallery-grid\"><li class=\"blocks-gallery-item\"><figure><a href=\"http:\/\/www.statiunea-viticola-iasi.ro\/SCDVV_Iasi\/vinuri\/golia-2\/\"><img loading=\"lazy\" width=\"1024\" height=\"683\" src=\"http:\/\/www.statiunea-viticola-iasi.ro\/SCDVV_Iasi\/wp-content\/uploads\/2023\/02\/Golia-1024x683.jpg\" alt=\"\" data-id=\"1527\" data-full-url=\"http:\/\/www.statiunea-viticola-iasi.ro\/SCDVV_Iasi\/wp-content\/uploads\/2023\/02\/Golia-scaled.jpg\" data-link=\"http:\/\/www.statiunea-viticola-iasi.ro\/SCDVV_Iasi\/vinuri\/golia-2\/\" class=\"wp-image-1527\" srcset=\"http:\/\/www.statiunea-viticola-iasi.ro\/SCDVV_Iasi\/wp-content\/uploads\/2023\/02\/Golia-1024x683.jpg 1024w, http:\/\/www.statiunea-viticola-iasi.ro\/SCDVV_Iasi\/wp-content\/uploads\/2023\/02\/Golia-300x200.jpg 300w, http:\/\/www.statiunea-viticola-iasi.ro\/SCDVV_Iasi\/wp-content\/uploads\/2023\/02\/Golia-768x512.jpg 768w, http:\/\/www.statiunea-viticola-iasi.ro\/SCDVV_Iasi\/wp-content\/uploads\/2023\/02\/Golia-1536x1024.jpg 1536w, http:\/\/www.statiunea-viticola-iasi.ro\/SCDVV_Iasi\/wp-content\/uploads\/2023\/02\/Golia-2048x1365.jpg 2048w\" sizes=\"(max-width: 1024px) 100vw, 1024px\" \/><\/a><\/figure><\/li><\/ul><figcaption class=\"blocks-gallery-caption\"><strong>Pre\u021b: 22,00 lei<\/strong><\/figcaption><\/figure>\n\n\n\n<figure class=\"wp-block-image size-large\"><img loading=\"lazy\" width=\"1024\" height=\"683\" src=\"http:\/\/www.statiunea-viticola-iasi.ro\/SCDVV_Iasi\/wp-content\/uploads\/2023\/02\/DSC_6373-1024x683.jpg\" alt=\"\" class=\"wp-image-1532\" srcset=\"http:\/\/www.statiunea-viticola-iasi.ro\/SCDVV_Iasi\/wp-content\/uploads\/2023\/02\/DSC_6373-1024x683.jpg 1024w, http:\/\/www.statiunea-viticola-iasi.ro\/SCDVV_Iasi\/wp-content\/uploads\/2023\/02\/DSC_6373-300x200.jpg 300w, http:\/\/www.statiunea-viticola-iasi.ro\/SCDVV_Iasi\/wp-content\/uploads\/2023\/02\/DSC_6373-768x512.jpg 768w, http:\/\/www.statiunea-viticola-iasi.ro\/SCDVV_Iasi\/wp-content\/uploads\/2023\/02\/DSC_6373-1536x1024.jpg 1536w, http:\/\/www.statiunea-viticola-iasi.ro\/SCDVV_Iasi\/wp-content\/uploads\/2023\/02\/DSC_6373-2048x1365.jpg 2048w\" sizes=\"(max-width: 1024px) 100vw, 1024px\" \/><figcaption><strong>Pre\u021b: 18,00 lei<\/strong><\/figcaption><\/figure>\n\n\n\n<figure class=\"wp-block-image size-large\"><img loading=\"lazy\" width=\"1024\" height=\"683\" src=\"http:\/\/www.statiunea-viticola-iasi.ro\/SCDVV_Iasi\/wp-content\/uploads\/2023\/02\/DSC_6380-1024x683.jpg\" alt=\"\" class=\"wp-image-1537\" srcset=\"http:\/\/www.statiunea-viticola-iasi.ro\/SCDVV_Iasi\/wp-content\/uploads\/2023\/02\/DSC_6380-1024x683.jpg 1024w, http:\/\/www.statiunea-viticola-iasi.ro\/SCDVV_Iasi\/wp-content\/uploads\/2023\/02\/DSC_6380-300x200.jpg 300w, http:\/\/www.statiunea-viticola-iasi.ro\/SCDVV_Iasi\/wp-content\/uploads\/2023\/02\/DSC_6380-768x512.jpg 768w, http:\/\/www.statiunea-viticola-iasi.ro\/SCDVV_Iasi\/wp-content\/uploads\/2023\/02\/DSC_6380-1536x1024.jpg 1536w, http:\/\/www.statiunea-viticola-iasi.ro\/SCDVV_Iasi\/wp-content\/uploads\/2023\/02\/DSC_6380-2048x1365.jpg 2048w\" sizes=\"(max-width: 1024px) 100vw, 1024px\" \/><\/figure>\n\n\n\n<p class=\"has-text-align-center\"><strong>Pre\u021b: 22,00 lei<\/strong><\/p>\n<\/div>\n<\/div>\n\n\n\n<figure class=\"wp-block-image\"><img alt=\"\"\/><\/figure>\n\n\n\n<hr class=\"wp-block-separator has-text-color has-background has-very-light-gray-background-color has-very-light-gray-color is-style-wide\"\/>\n\n\n\n<figure class=\"wp-block-gallery aligncenter columns-0 is-cropped\"><ul class=\"blocks-gallery-grid\"><\/ul><\/figure>\n\n\n\n<p class=\"has-text-align-center\" style=\"font-size:28px\">Bag-in-box<\/p>\n\n\n\n<div class=\"wp-block-columns has-3-columns\">\n<div class=\"wp-block-column\">\n<figure class=\"wp-block-gallery aligncenter columns-1 is-cropped\"><ul class=\"blocks-gallery-grid\"><li class=\"blocks-gallery-item\"><figure><a href=\"http:\/\/www.statiunea-viticola-iasi.ro\/SCDVV_Iasi\/vinuri\/bag-in-box-3\/\"><img loading=\"lazy\" width=\"1920\" height=\"2560\" src=\"http:\/\/www.statiunea-viticola-iasi.ro\/SCDVV_Iasi\/wp-content\/uploads\/2020\/07\/Bag-in-box-3.jpg\" alt=\"\" data-id=\"697\" data-link=\"http:\/\/www.statiunea-viticola-iasi.ro\/SCDVV_Iasi\/vinuri\/bag-in-box-3\/\" class=\"wp-image-697\" srcset=\"http:\/\/www.statiunea-viticola-iasi.ro\/SCDVV_Iasi\/wp-content\/uploads\/2020\/07\/Bag-in-box-3.jpg 1920w, http:\/\/www.statiunea-viticola-iasi.ro\/SCDVV_Iasi\/wp-content\/uploads\/2020\/07\/Bag-in-box-3-225x300.jpg 225w, http:\/\/www.statiunea-viticola-iasi.ro\/SCDVV_Iasi\/wp-content\/uploads\/2020\/07\/Bag-in-box-3-768x1024.jpg 768w\" sizes=\"(max-width: 1920px) 100vw, 1920px\" \/><\/a><figcaption class=\"blocks-gallery-item__caption\">Bag-in-box 3L<\/figcaption><\/figure><\/li><\/ul><\/figure>\n\n\n\n<p class=\"has-text-align-center\"><strong>Pre\u021b: 50<\/strong>,00<strong> lei<\/strong><\/p>\n<\/div>\n\n\n\n<div class=\"wp-block-column\">\n<figure class=\"wp-block-gallery aligncenter columns-1 is-cropped\"><ul class=\"blocks-gallery-grid\"><li class=\"blocks-gallery-item\"><figure><a href=\"http:\/\/www.statiunea-viticola-iasi.ro\/SCDVV_Iasi\/vinuri\/bag-in-box-5\/\"><img loading=\"lazy\" width=\"1920\" height=\"2560\" src=\"http:\/\/www.statiunea-viticola-iasi.ro\/SCDVV_Iasi\/wp-content\/uploads\/2020\/07\/Bag-in-box-5.jpg\" alt=\"\" data-id=\"695\" data-link=\"http:\/\/www.statiunea-viticola-iasi.ro\/SCDVV_Iasi\/vinuri\/bag-in-box-5\/\" class=\"wp-image-695\" srcset=\"http:\/\/www.statiunea-viticola-iasi.ro\/SCDVV_Iasi\/wp-content\/uploads\/2020\/07\/Bag-in-box-5.jpg 1920w, http:\/\/www.statiunea-viticola-iasi.ro\/SCDVV_Iasi\/wp-content\/uploads\/2020\/07\/Bag-in-box-5-225x300.jpg 225w, http:\/\/www.statiunea-viticola-iasi.ro\/SCDVV_Iasi\/wp-content\/uploads\/2020\/07\/Bag-in-box-5-768x1024.jpg 768w\" sizes=\"(max-width: 1920px) 100vw, 1920px\" \/><\/a><figcaption class=\"blocks-gallery-item__caption\"> <br>Bag-in-box 5L <\/figcaption><\/figure><\/li><\/ul><\/figure>\n\n\n\n<p class=\"has-text-align-center\"><strong>Pre\u021b: 75,00 lei<\/strong><\/p>\n<\/div>\n\n\n\n<div class=\"wp-block-column is-vertically-aligned-bottom\">\n<figure class=\"wp-block-gallery columns-1 is-cropped\"><ul class=\"blocks-gallery-grid\"><li class=\"blocks-gallery-item\"><figure><a href=\"http:\/\/www.statiunea-viticola-iasi.ro\/SCDVV_Iasi\/vinuri\/bag-in-box-10l\/\"><img loading=\"lazy\" width=\"1920\" height=\"2560\" src=\"http:\/\/www.statiunea-viticola-iasi.ro\/SCDVV_Iasi\/wp-content\/uploads\/2020\/08\/Bag-in-Box-10L-scaled.jpg\" alt=\"\" data-id=\"809\" data-full-url=\"http:\/\/www.statiunea-viticola-iasi.ro\/SCDVV_Iasi\/wp-content\/uploads\/2020\/08\/Bag-in-Box-10L-scaled.jpg\" data-link=\"http:\/\/www.statiunea-viticola-iasi.ro\/SCDVV_Iasi\/vinuri\/bag-in-box-10l\/\" class=\"wp-image-809\" srcset=\"http:\/\/www.statiunea-viticola-iasi.ro\/SCDVV_Iasi\/wp-content\/uploads\/2020\/08\/Bag-in-Box-10L-scaled.jpg 1920w, http:\/\/www.statiunea-viticola-iasi.ro\/SCDVV_Iasi\/wp-content\/uploads\/2020\/08\/Bag-in-Box-10L-225x300.jpg 225w, http:\/\/www.statiunea-viticola-iasi.ro\/SCDVV_Iasi\/wp-content\/uploads\/2020\/08\/Bag-in-Box-10L-768x1024.jpg 768w, http:\/\/www.statiunea-viticola-iasi.ro\/SCDVV_Iasi\/wp-content\/uploads\/2020\/08\/Bag-in-Box-10L-1152x1536.jpg 1152w, http:\/\/www.statiunea-viticola-iasi.ro\/SCDVV_Iasi\/wp-content\/uploads\/2020\/08\/Bag-in-Box-10L-1536x2048.jpg 1536w\" sizes=\"(max-width: 1920px) 100vw, 1920px\" \/><\/a><figcaption class=\"blocks-gallery-item__caption\">Bag-in-box 10L<\/figcaption><\/figure><\/li><\/ul><\/figure>\n\n\n\n<p class=\"has-text-align-center\"><strong>Pre\u021b: 145,00 lei<\/strong><\/p>\n<\/div>\n<\/div>\n\n\n\n<div class=\"wp-block-group\"><div class=\"wp-block-group__inner-container\">\n<hr class=\"wp-block-separator has-text-color has-background has-very-light-gray-background-color has-very-light-gray-color is-style-wide\"\/>\n<\/div><\/div>\n\n\n\n<figure class=\"wp-block-gallery columns-0 is-cropped\"><ul class=\"blocks-gallery-grid\"><\/ul><\/figure>\n\n\n\n<p class=\"has-text-align-center\" style=\"font-size:28px\">Vrac<\/p>\n\n\n\n<p>Vin vrac \u00eencep\u00e2nd de la 5 litri.<\/p>\n\n\n\n<p><strong>Pre\u021b: <\/strong>10,00<strong> lei\/l<\/strong><\/p>\n\n\n\n<figure class=\"wp-block-image\"><img alt=\"\"\/><\/figure>\n\n\n\n<hr class=\"wp-block-separator has-text-color has-background has-very-light-gray-background-color has-very-light-gray-color is-style-wide\"\/>\n\n\n\n<p><strong>Livrare:<\/strong><\/p>\n\n\n\n<p>Comenzile \u0219i livr\u0103rile se fac \u00een intervalul orar 8<sup>00<\/sup>-15<sup>00<\/sup> at\u00e2t telefonic c\u00e2t \u0219i pe adresa de e-mail.<br><\/p>\n\n\n\n<p>Livr\u0103rile \u00een Ia\u0219i se fac la comenzi de minimum 500 lei cu asigurarea transportului gratuit.<\/p>\n\n\n\n<p>Livr\u0103rile \u00een afara localit\u0103\u021bii se fac prin curierat \u00een termen de 3 zile de la plasarea comenzii. Costurile de transport sunt suportate de client.<\/p>\n\n\n\n<p>\n\nPre\u021burile sunt exprimate \u00een lei \u0219i includ TVA.\n\n<\/p>\n\n\n\n<p><strong>Metoda de plat\u0103:<\/strong><\/p>\n\n\n\n<p>Ramburs numerar la livrare.<\/p>\n\n\n\n<p>Transfer bancar la trezoreria Ia\u0219i.<\/p>\n\n\n\n<p><strong>Persoan\u0103 de contact: <\/strong><\/p>\n\n\n\n<p>Nitu Cornel: 0744 437 859.<\/p>\n\n\n\n<div class=\"wp-block-file\"><a href=\"http:\/\/www.statiunea-viticola-iasi.ro\/SCDVV_Iasi\/wp-content\/uploads\/2026\/03\/Lista-de-pret-vinuri-persoane-fizice.pdf\">Lista de pret vinuri persoane fizice<\/a><\/div>\n\n\n\n<div class=\"wp-block-file\"><a href=\"https:\/\/www.statiunea-viticola-iasi.ro\/SCDVV_Iasi\/wp-content\/uploads\/2026\/03\/Lista-pret-vinuri-pers.-juridice_rev-1.pdf\">Lista pret vinuri persoane juridice<\/a><\/div>\n\n\n\n<p><\/p>\n","protected":false},"excerpt":{"rendered":"<p>Sticle Pre\u021b: 18,00 lei Pre\u021b: 18,00 lei Pre\u021b: 18,00 lei Pre\u021b: 22,00 lei Bag-in-box Pre\u021b: 50,00 lei Pre\u021b: 75,00 lei Pre\u021b: 145,00 lei Vrac Vin vrac \u00eencep\u00e2nd de la 5 litri. Pre\u021b: 10,00 lei\/l Livrare: Comenzile \u0219i livr\u0103rile se fac<\/p>\n","protected":false},"author":2,"featured_media":0,"parent":0,"menu_order":0,"comment_status":"closed","ping_status":"closed","template":"","meta":[],"_links":{"self":[{"href":"http:\/\/www.statiunea-viticola-iasi.ro\/SCDVV_Iasi\/wp-json\/wp\/v2\/pages\/607"}],"collection":[{"href":"http:\/\/www.statiunea-viticola-iasi.ro\/SCDVV_Iasi\/wp-json\/wp\/v2\/pages"}],"about":[{"href":"http:\/\/www.statiunea-viticola-iasi.ro\/SCDVV_Iasi\/wp-json\/wp\/v2\/types\/page"}],"author":[{"embeddable":true,"href":"http:\/\/www.statiunea-viticola-iasi.ro\/SCDVV_Iasi\/wp-json\/wp\/v2\/users\/2"}],"replies":[{"embeddable":true,"href":"http:\/\/www.statiunea-viticola-iasi.ro\/SCDVV_Iasi\/wp-json\/wp\/v2\/comments?post=607"}],"version-history":[{"count":125,"href":"http:\/\/www.statiunea-viticola-iasi.ro\/SCDVV_Iasi\/wp-json\/wp\/v2\/pages\/607\/revisions"}],"predecessor-version":[{"id":2389,"href":"http:\/\/www.statiunea-viticola-iasi.ro\/SCDVV_Iasi\/wp-json\/wp\/v2\/pages\/607\/revisions\/2389"}],"wp:attachment":[{"href":"http:\/\/www.statiunea-viticola-iasi.ro\/SCDVV_Iasi\/wp-json\/wp\/v2\/media?parent=607"}],"curies":[{"name":"wp","href":"https:\/\/api.w.org\/{rel}","templated":true}]}}